{"id":1416,"date":"2020-04-26T09:02:51","date_gmt":"2020-04-26T07:02:51","guid":{"rendered":"http:\/\/imageriemedicaleparis5.fr\/?page_id=1416"},"modified":"2020-04-26T12:22:41","modified_gmt":"2020-04-26T10:22:41","slug":"recommandations-covid-19","status":"publish","type":"page","link":"https:\/\/imageriemedicaleparis5.fr\/?page_id=1416","title":{"rendered":"Recommandations COVID-19"},"content":{"rendered":"<p><strong>NOS RECOMMANDATIONS COVID-19<\/strong><\/p>\n<p><strong><span style=\"color: #ff0000;\">D\u00e8s le d\u00e9but de la pand\u00e9mie, nous assurons la r\u00e9alisation de vos examens d\u2019imagerie en toute s\u00e9curit\u00e9 pour vous et pour nous en suivant scrupuleusement les mesures d\u2019hygi\u00e8nes pr\u00e9conis\u00e9es.<\/span><\/strong><br \/>\n<strong><span style=\"color: #ff0000;\">A part les mesures barri\u00e8res que vous connaissez merci de lire attentivement ce qui suit :<\/span><\/strong><\/p>\n<p><strong>A\/ CONSEILS AU PATIENT :<\/strong><\/p>\n<p>Voici quelques conseils pour passer votre examen d\u2019imagerie dans notre centre :<\/p>\n<p>&#8211; Venir masqu\u00e9 si possible<br \/>\n&#8211; Venir accompagn\u00e9 si l\u2019examen l\u2019\u00e9xige (l\u2019accompagnant devra rester hors du service d\u2019imagerie sauf cas particulier)<br \/>\n&#8211; Se laver les mains \u00e0 l\u2019entr\u00e9e du service avec une solution hydro alcoolique qui se trouvera \u00e0 l\u2019entr\u00e9e dans notre unit\u00e9.<br \/>\n&#8211; Respectez la distance signal\u00e9e par le marquage au sol dans notre service<\/p>\n<p><strong>B\/ MERCI DE VERIFIER VOTRE ETAT AVANT DE PASSER VOTRE EXAMEN :<\/strong><\/p>\n<p>Si vous avez l\u2019un des sympt\u00f4mes suivants, merci de pr\u00e9venir notre secr\u00e9tariat :<\/p>\n<p>&#8211; Toussez-vous ?<br \/>\n&#8211; Avez-vous de la fi\u00e8vre ou une sensation de chaud\/froid ?<br \/>\n&#8211; Ressentez-vous des courbatures ou des douleurs musculaires ?<br \/>\n&#8211; Avez-vous eu des douleurs abdominales ou des diarrh\u00e9es inhabituelles r\u00e9cemment ?<br \/>\n&#8211; Vous sentez-vous anormalement fatigu\u00e9 ?<br \/>\n&#8211; Avez-vous perdu le go\u00fbt et\/ou l\u2019odorat ?<br \/>\n&#8211; Avez-vous eu des \u00e9pisodes de c\u00e9phal\u00e9es avec fi\u00e8vre ?<br \/>\n&#8211; Pr\u00e9sentez-vous un \u00e9coulement nasal ?<br \/>\n&#8211; Ressentez-vous une g\u00eane respiratoire ?<br \/>\n&#8211; Pr\u00e9sentez-vous une g\u00eane et\/ou une rougeur et\/ou une s\u00e9cr\u00e9tion oculaire ?<br \/>\n&#8211; Pr\u00e9sentez-vous des engelures aux doigts (rougeur, gonflement ou cloque ?).<br \/>\n&#8211; Avez-vous \u00e9t\u00e9 en contact avec une personne contamin\u00e9e par le Sars Cov 2 ? (COVID19 positive)<\/p>\n<p><strong>C\/ CAS PARTICULIERS POUR LES INFILTRATIONS RACHIDIENNES ET PERIPHERIQUES<\/strong> &#8211; <a href=\"http:\/\/imageriemedicaleparis5.fr\/?page_id=1229\">Plus d&rsquo;informations ici<\/a><\/p>\n<p>&#8211; Prise de temp\u00e9rature syst\u00e9matique et pratique d\u2019un scanner thoracique (\u00e0 la recherche de signes d\u2019infection pulmonaire sans expression clinique).<br \/>\n&#8211; En cas de fi\u00e8vre ou de signes positifs l\u2019infiltration sera ajourn\u00e9e.<\/p>\n","protected":false},"excerpt":{"rendered":"<p>NOS RECOMMANDATIONS COVID-19 D\u00e8s le d\u00e9but de la pand\u00e9mie, nous [&hellip;]<\/p>\n","protected":false},"author":1,"featured_media":0,"parent":0,"menu_order":0,"comment_status":"closed","ping_status":"closed","template":"","meta":{"footnotes":""},"_links":{"self":[{"href":"https:\/\/imageriemedicaleparis5.fr\/index.php?rest_route=\/wp\/v2\/pages\/1416"}],"collection":[{"href":"https:\/\/imageriemedicaleparis5.fr\/index.php?rest_route=\/wp\/v2\/pages"}],"about":[{"href":"https:\/\/imageriemedicaleparis5.fr\/index.php?rest_route=\/wp\/v2\/types\/page"}],"author":[{"embeddable":true,"href":"https:\/\/imageriemedicaleparis5.fr\/index.php?rest_route=\/wp\/v2\/users\/1"}],"replies":[{"embeddable":true,"href":"https:\/\/imageriemedicaleparis5.fr\/index.php?rest_route=%2Fwp%2Fv2%2Fcomments&post=1416"}],"version-history":[{"count":7,"href":"https:\/\/imageriemedicaleparis5.fr\/index.php?rest_route=\/wp\/v2\/pages\/1416\/revisions"}],"predecessor-version":[{"id":1426,"href":"https:\/\/imageriemedicaleparis5.fr\/index.php?rest_route=\/wp\/v2\/pages\/1416\/revisions\/1426"}],"wp:attachment":[{"href":"https:\/\/imageriemedicaleparis5.fr\/index.php?rest_route=%2Fwp%2Fv2%2Fmedia&parent=1416"}],"curies":[{"name":"wp","href":"https:\/\/api.w.org\/{rel}","templated":true}]}}