{"id":1229,"date":"2018-05-01T07:39:26","date_gmt":"2018-05-01T05:39:26","guid":{"rendered":"http:\/\/imageriemedicaleparis5.fr\/?page_id=1229"},"modified":"2018-05-01T07:41:53","modified_gmt":"2018-05-01T05:41:53","slug":"unite-infiltrations-guidees","status":"publish","type":"page","link":"https:\/\/imageriemedicaleparis5.fr\/?page_id=1229","title":{"rendered":"Unit\u00e9 Infiltrations Guid\u00e9es"},"content":{"rendered":"<div class=\"fusion-fullwidth fullwidth-box fusion-builder-row-1 nonhundred-percent-fullwidth non-hundred-percent-height-scrolling\" style=\"--awb-border-radius-top-left:0px;--awb-border-radius-top-right:0px;--awb-border-radius-bottom-right:0px;--awb-border-radius-bottom-left:0px;--awb-flex-wrap:wrap;\" ><div class=\"fusion-builder-row fusion-row\"><div class=\"fusion-layout-column fusion_builder_column fusion-builder-column-0 fusion_builder_column_1_1 1_1 fusion-one-full fusion-column-first fusion-column-last\" style=\"--awb-bg-size:cover;--awb-margin-bottom:0px;\"><div class=\"fusion-column-wrapper fusion-flex-column-wrapper-legacy\"><div class=\"fusion-title title fusion-title-1 fusion-title-text fusion-title-size-two\" style=\"--awb-sep-color:#03a9f4;\"><h2 class=\"fusion-title-heading title-heading-left\" style=\"margin:0;\"><span style=\"color: #03a9f4;\">Unit\u00e9 Infiltrations guid\u00e9es<\/span><\/h2><span class=\"awb-title-spacer\"><\/span><div class=\"title-sep-container\"><div class=\"title-sep sep-single sep-dashed\" style=\"border-color:#03a9f4;\"><\/div><\/div><\/div><div class=\"fusion-text fusion-text-1\"><p>Une infiltration guid\u00e9e consiste a d\u00e9poser \u00e0 travers une piqure un m\u00e9dicament dans un endroit tr\u00e8s pr\u00e9cis\u00a0 en s\u2019aidant d\u2019un moyen de contr\u00f4le pour atteindre la cible choisie.<\/p>\n<p>Le guidage est fait soit par scopie, soit par \u00e9chographie, soit par scanner, parfois par IRM.<\/p>\n<p>C\u2019est dire que le radiologiste est le plus \u00e0 m\u00eame \u00e0 r\u00e9aliser ce type de proc\u00e9dure puisqu\u2019il utilise pluri-quotidiennement ces moyens d\u2019imagerie.<\/p>\n<\/div><div class=\"accordian fusion-accordian\" style=\"--awb-border-size:1px;--awb-icon-size:15px;--awb-content-font-size:16px;--awb-icon-alignment:left;--awb-hover-color:#f9f9f9;--awb-border-color:#cccccc;--awb-background-color:#ffffff;--awb-divider-color:#e0dede;--awb-divider-hover-color:#e0dede;--awb-icon-color:#ffffff;--awb-title-color:#333333;--awb-content-color:#747474;--awb-icon-box-color:#333333;--awb-toggle-hover-accent-color:#67b7e1;--awb-title-font-family:&quot;Antic Slab&quot;;--awb-title-font-weight:400;--awb-title-font-style:normal;--awb-title-font-size:16px;--awb-title-line-height:1.5;--awb-content-font-family:&quot;PT Sans&quot;;--awb-content-font-style:normal;--awb-content-font-weight:400;\"><div class=\"panel-group fusion-toggle-icon-boxed\" id=\"accordion-1229-1\"><div class=\"fusion-panel panel-default panel-f8b3c454f0f197ff0 fusion-toggle-has-divider\"><div class=\"panel-heading\"><h4 class=\"panel-title toggle\" id=\"toggle_f8b3c454f0f197ff0\"><a aria-expanded=\"false\" aria-controls=\"f8b3c454f0f197ff0\" role=\"button\" data-toggle=\"collapse\" data-parent=\"#accordion-1229-1\" data-target=\"#f8b3c454f0f197ff0\" href=\"#f8b3c454f0f197ff0\"><span class=\"fusion-toggle-icon-wrapper\" aria-hidden=\"true\"><i class=\"fa-fusion-box active-icon awb-icon-minus\" aria-hidden=\"true\"><\/i><i class=\"fa-fusion-box inactive-icon awb-icon-plus\" aria-hidden=\"true\"><\/i><\/span><span class=\"fusion-toggle-heading\"> Q : Quelles sont les infiltrations faites dans la colonne vert\u00e9brale ?<\/span><\/a><\/h4><\/div><div id=\"f8b3c454f0f197ff0\" class=\"panel-collapse collapse \" aria-labelledby=\"toggle_f8b3c454f0f197ff0\"><div class=\"panel-body toggle-content fusion-clearfix\">\n<p>R\u00a0: Les infiltrations sont r\u00e9alis\u00e9es soit dans le canal rachidien (espace \u00e9pidural) soit dans les articulations post\u00e9rieures, soit dans le disque intervert\u00e9bral.<\/p>\n<p>En fonction des signes cliniques(type de douleur) et des r\u00e9sultats de\u00a0 votre imagerie (scanner mais surtout IRM le m\u00e9decin qui prescrit l\u2019infiltration et le radiologue choisiront quel type d\u2019infiltration sera le plus efficace pour soulager vos douleurs.<\/p>\n<\/div><\/div><\/div><div class=\"fusion-panel panel-default panel-f06bbe24d89cbb6b4 fusion-toggle-has-divider\"><div class=\"panel-heading\"><h4 class=\"panel-title toggle\" id=\"toggle_f06bbe24d89cbb6b4\"><a aria-expanded=\"false\" aria-controls=\"f06bbe24d89cbb6b4\" role=\"button\" data-toggle=\"collapse\" data-parent=\"#accordion-1229-1\" data-target=\"#f06bbe24d89cbb6b4\" href=\"#f06bbe24d89cbb6b4\"><span class=\"fusion-toggle-icon-wrapper\" aria-hidden=\"true\"><i class=\"fa-fusion-box active-icon awb-icon-minus\" aria-hidden=\"true\"><\/i><i class=\"fa-fusion-box inactive-icon awb-icon-plus\" aria-hidden=\"true\"><\/i><\/span><span class=\"fusion-toggle-heading\">Q : Comment se d\u00e9roule une infiltration dans la colonne vert\u00e9brale?<\/span><\/a><\/h4><\/div><div id=\"f06bbe24d89cbb6b4\" class=\"panel-collapse collapse \" aria-labelledby=\"toggle_f06bbe24d89cbb6b4\"><div class=\"panel-body toggle-content fusion-clearfix\">\n<p>R\u00a0: Vous \u00eates allong\u00e9 le plus souvent sur le ventre (pour une infiltration\u00a0 rachidienne lombaire)ou sur le dos (pour une infiltration cervicale) sur une table d\u2019examen bien confortablement .<\/p>\n<p>Le radiologue proc\u00e8de \u00a0\u00e0 une d\u00e9sinfection soigneuse de la r\u00e9gion, puis fait une premi\u00e8re piqure d\u2019anesth\u00e9sie avec de la Xyloca\u00efne sur tout le trajet de la zone \u00e0 atteindre.<\/p>\n<p>Quelques\u00a0 minutes apr\u00e8s l\u2019anesth\u00e9sie, sur le trajet anesth\u00e9sie le radiologue guide l\u2019aiguille en s\u2019aidant de la scopie ou du scanner pour atteindre la cible et d\u00e9poser le m\u00e9dicament exactement \u00e0\u00a0endroit d\u00e9sir\u00e9.<\/p>\n<p>Juste avant l\u2019injection du m\u00e9dicament on injecte quelques cc de produit de contraste pour bien s\u2019assurer de la bonne position de l\u2019aiguille dans la zone cibl\u00e9e.<\/p>\n<\/div><\/div><\/div><div class=\"fusion-panel panel-default panel-edb3b9d0b73e786d4 fusion-toggle-has-divider\"><div class=\"panel-heading\"><h4 class=\"panel-title toggle\" id=\"toggle_edb3b9d0b73e786d4\"><a aria-expanded=\"false\" aria-controls=\"edb3b9d0b73e786d4\" role=\"button\" data-toggle=\"collapse\" data-parent=\"#accordion-1229-1\" data-target=\"#edb3b9d0b73e786d4\" href=\"#edb3b9d0b73e786d4\"><span class=\"fusion-toggle-icon-wrapper\" aria-hidden=\"true\"><i class=\"fa-fusion-box active-icon awb-icon-minus\" aria-hidden=\"true\"><\/i><i class=\"fa-fusion-box inactive-icon awb-icon-plus\" aria-hidden=\"true\"><\/i><\/span><span class=\"fusion-toggle-heading\">Q : Est-ce qu\u2019une infiltration fait mal ?<\/span><\/a><\/h4><\/div><div id=\"edb3b9d0b73e786d4\" class=\"panel-collapse collapse \" aria-labelledby=\"toggle_edb3b9d0b73e786d4\"><div class=\"panel-body toggle-content fusion-clearfix\">\n<p>Le seuil douloureux est tr\u00e8s diff\u00e8rent d\u2019une personne \u00e0 l\u2019autre.<br \/>\nNous pratiquons syst\u00e9matiquement une anesth\u00e9sie locale avant.<br \/>\nLes personnes anxieuses sont parfois pr\u00e9m\u00e9diqu\u00e9es (ATARAX).<br \/>\nCertaines infiltrations rachidiennes peuvent reproduire votre douleur spontan\u00e9e et de fa\u00e7on transitoire est souvent un gage de r\u00e9ussite de l\u2019infiltration.<\/p>\n<\/div><\/div><\/div><div class=\"fusion-panel panel-default panel-eabbe45bef5b7370e fusion-toggle-has-divider\"><div class=\"panel-heading\"><h4 class=\"panel-title toggle\" id=\"toggle_eabbe45bef5b7370e\"><a aria-expanded=\"false\" aria-controls=\"eabbe45bef5b7370e\" role=\"button\" data-toggle=\"collapse\" data-parent=\"#accordion-1229-1\" data-target=\"#eabbe45bef5b7370e\" href=\"#eabbe45bef5b7370e\"><span class=\"fusion-toggle-icon-wrapper\" aria-hidden=\"true\"><i class=\"fa-fusion-box active-icon awb-icon-minus\" aria-hidden=\"true\"><\/i><i class=\"fa-fusion-box inactive-icon awb-icon-plus\" aria-hidden=\"true\"><\/i><\/span><span class=\"fusion-toggle-heading\">Q : Quels sont les produits inject\u00e9s ?<\/span><\/a><\/h4><\/div><div id=\"eabbe45bef5b7370e\" class=\"panel-collapse collapse \" aria-labelledby=\"toggle_eabbe45bef5b7370e\"><div class=\"panel-body toggle-content fusion-clearfix\">\n<p>Il s\u2019 agit le plus souvent d\u2019un d\u00e9riv\u00e9 cortison\u00e9 (Hydrocortancyl, Diprost\u00e9ne, Dexam\u00e9thasone)<\/p>\n<\/div><\/div><\/div><div class=\"fusion-panel panel-default panel-2f8ac61ba4d9934bc fusion-toggle-has-divider\"><div class=\"panel-heading\"><h4 class=\"panel-title toggle\" id=\"toggle_2f8ac61ba4d9934bc\"><a aria-expanded=\"false\" aria-controls=\"2f8ac61ba4d9934bc\" role=\"button\" data-toggle=\"collapse\" data-parent=\"#accordion-1229-1\" data-target=\"#2f8ac61ba4d9934bc\" href=\"#2f8ac61ba4d9934bc\"><span class=\"fusion-toggle-icon-wrapper\" aria-hidden=\"true\"><i class=\"fa-fusion-box active-icon awb-icon-minus\" aria-hidden=\"true\"><\/i><i class=\"fa-fusion-box inactive-icon awb-icon-plus\" aria-hidden=\"true\"><\/i><\/span><span class=\"fusion-toggle-heading\">Q : Comment se d\u00e9roulent les infiltrations p\u00e9riph\u00e9riques (dans une \u00e9paule par exemple ?)<\/span><\/a><\/h4><\/div><div id=\"2f8ac61ba4d9934bc\" class=\"panel-collapse collapse \" aria-labelledby=\"toggle_2f8ac61ba4d9934bc\"><div class=\"panel-body toggle-content fusion-clearfix\">\n<p>R\u00a0: Quasiment de la m\u00eame fa\u00e7on\u00a0:<\/p>\n<p>Un temps de d\u00e9sinfection, un temps d\u2019anesth\u00e9sie, un temps d\u2019injection sous guidage.<\/p>\n<p>Pour les articulations p\u00e9riph\u00e9riques certains pr\u00e9f\u00e8rent utiliser l\u2019\u00e9chographie (qui a l\u2019avantage de ne pas d\u00e9livrer de rayon X).<br \/>\nEn r\u00e9alit\u00e9 il faut laisser le choix du dispositif de guidage au radiologue, c\u2019est-\u00e0-dire celle avec lequel il a le plus l\u2019habitude.<\/p>\n<p>En plus des d\u00e9riv\u00e9s cortison\u00e9s, on peut injecter en association un d\u00e9riv\u00e9 d\u2019acide hyaluronique qui prot\u00e8ge le cartilage articulaire.<\/p>\n<p>Enfin on peut injecter du plasma riche en plaquettes (PRP) dans des indications tr\u00e8s pr\u00e9cises<\/p>\n<\/div><\/div><\/div><div class=\"fusion-panel panel-default panel-6318bd23c0f4fcf83 fusion-toggle-has-divider\"><div class=\"panel-heading\"><h4 class=\"panel-title toggle\" id=\"toggle_6318bd23c0f4fcf83\"><a aria-expanded=\"false\" aria-controls=\"6318bd23c0f4fcf83\" role=\"button\" data-toggle=\"collapse\" data-parent=\"#accordion-1229-1\" data-target=\"#6318bd23c0f4fcf83\" href=\"#6318bd23c0f4fcf83\"><span class=\"fusion-toggle-icon-wrapper\" aria-hidden=\"true\"><i class=\"fa-fusion-box active-icon awb-icon-minus\" aria-hidden=\"true\"><\/i><i class=\"fa-fusion-box inactive-icon awb-icon-plus\" aria-hidden=\"true\"><\/i><\/span><span class=\"fusion-toggle-heading\">Q : Qui me prescrit une infiltration ?<\/span><\/a><\/h4><\/div><div id=\"6318bd23c0f4fcf83\" class=\"panel-collapse collapse \" aria-labelledby=\"toggle_6318bd23c0f4fcf83\"><div class=\"panel-body toggle-content fusion-clearfix\">\n<p>R : Votre m\u00e9decin (m\u00e9decin g\u00e9n\u00e9raliste, rhumatologue, m\u00e9decin du sport ou de r\u00e9education fonctionnelle) ou votre orthop\u00e9diste sont les plus qualifi\u00e9s pour prescrire une infiltration car connaissent votre dossier et vous ont examin\u00e9s.<\/p>\n<p>Votre radiologue est \u00e9galement qualifi\u00e9 pour vous proposer une infiltration au d\u00e9cours d\u2019un examen de scanner ou d&rsquo;IRM.<\/p>\n<\/div><\/div><\/div><div class=\"fusion-panel panel-default panel-1cd2d4ca38c6a20d4 fusion-toggle-has-divider\"><div class=\"panel-heading\"><h4 class=\"panel-title toggle\" id=\"toggle_1cd2d4ca38c6a20d4\"><a aria-expanded=\"false\" aria-controls=\"1cd2d4ca38c6a20d4\" role=\"button\" data-toggle=\"collapse\" data-parent=\"#accordion-1229-1\" data-target=\"#1cd2d4ca38c6a20d4\" href=\"#1cd2d4ca38c6a20d4\"><span class=\"fusion-toggle-icon-wrapper\" aria-hidden=\"true\"><i class=\"fa-fusion-box active-icon awb-icon-minus\" aria-hidden=\"true\"><\/i><i class=\"fa-fusion-box inactive-icon awb-icon-plus\" aria-hidden=\"true\"><\/i><\/span><span class=\"fusion-toggle-heading\">Q : Les infiltrations sont-elles dangereuses ?<\/span><\/a><\/h4><\/div><div id=\"1cd2d4ca38c6a20d4\" class=\"panel-collapse collapse \" aria-labelledby=\"toggle_1cd2d4ca38c6a20d4\"><div class=\"panel-body toggle-content fusion-clearfix\">\n<p>R : Aucun geste n\u2019est anodin, le risque \u00ab\u00a00\u00a0\u00bb n\u2019existe pas.<\/p>\n<p>Une infiltration r\u00e9alis\u00e9e doit faire l\u2019objet d\u2019une explication d\u00e9taill\u00e9e au patient (par le m\u00e9decin prescripteur le plus souvent ou sinon par une consultation pr\u00e9alable par le radiologue qui expliquera pr\u00e9cis\u00e9ment et honn\u00eatement le risque b\u00e9n\u00e9fice \/risque au patient).<\/p>\n<\/div><\/div><\/div><div class=\"fusion-panel panel-default panel-941723db4ad255d30 fusion-toggle-has-divider\"><div class=\"panel-heading\"><h4 class=\"panel-title toggle\" id=\"toggle_941723db4ad255d30\"><a aria-expanded=\"false\" aria-controls=\"941723db4ad255d30\" role=\"button\" data-toggle=\"collapse\" data-parent=\"#accordion-1229-1\" data-target=\"#941723db4ad255d30\" href=\"#941723db4ad255d30\"><span class=\"fusion-toggle-icon-wrapper\" aria-hidden=\"true\"><i class=\"fa-fusion-box active-icon awb-icon-minus\" aria-hidden=\"true\"><\/i><i class=\"fa-fusion-box inactive-icon awb-icon-plus\" aria-hidden=\"true\"><\/i><\/span><span class=\"fusion-toggle-heading\">Q : Quels sont les risques ?<\/span><\/a><\/h4><\/div><div id=\"941723db4ad255d30\" class=\"panel-collapse collapse \" aria-labelledby=\"toggle_941723db4ad255d30\"><div class=\"panel-body toggle-content fusion-clearfix\">\n<p>R\u00a0: l\u2019infection, rarissime en observant les r\u00e8gles d\u2019asepsie strictes.<\/p>\n<p>Des risques\u00a0graves sont d\u00e9crits pour les infiltrations rachidiennes (parapl\u00e9gie) mais sont rarissimes (7cas sur 1 million d\u2019infiltrations soit 0.0007%)<\/p>\n<p>Risque h\u00e9morragique\u00a0: on le pr\u00e9vient en \u00e9vitant de r\u00e9aliser des infiltrations chez des personnes sous traitement fluidifiant le sang (anticoagulants ou antiagr\u00e9gant plaquettaires type Asp\u00e9gic)<\/p>\n<\/div><\/div><\/div><div class=\"fusion-panel panel-default panel-c06c4ac003f4d511c fusion-toggle-has-divider\"><div class=\"panel-heading\"><h4 class=\"panel-title toggle\" id=\"toggle_c06c4ac003f4d511c\"><a aria-expanded=\"false\" aria-controls=\"c06c4ac003f4d511c\" role=\"button\" data-toggle=\"collapse\" data-parent=\"#accordion-1229-1\" data-target=\"#c06c4ac003f4d511c\" href=\"#c06c4ac003f4d511c\"><span class=\"fusion-toggle-icon-wrapper\" aria-hidden=\"true\"><i class=\"fa-fusion-box active-icon awb-icon-minus\" aria-hidden=\"true\"><\/i><i class=\"fa-fusion-box inactive-icon awb-icon-plus\" aria-hidden=\"true\"><\/i><\/span><span class=\"fusion-toggle-heading\">Q : Combien peut-on faire d\u2019infiltrations ?<\/span><\/a><\/h4><\/div><div id=\"c06c4ac003f4d511c\" class=\"panel-collapse collapse \" aria-labelledby=\"toggle_c06c4ac003f4d511c\"><div class=\"panel-body toggle-content fusion-clearfix\">\n<p>R : Ce n\u2019est pas tant le nombre d\u2019infiltration qui compte mais le bien fond\u00e9 de r\u00e9aliser ou pas une infiltration.<\/p>\n<p>Par exemple pour la colonne vert\u00e9brale on ne d\u00e9passe pas trois infiltrations sur une p\u00e9riode de 1\u00e0 2 mois.<br \/>\nSi le patient a toujours mal au bout de la troisi\u00e8me infiltration en faire une suppl\u00e9mentaire n\u2019a aucun int\u00e9r\u00eat.<br \/>\nPar contre si il y a une r\u00e9currence de la douleur au bout d\u2019un an il n\u2019y a aucun danger \u00e0 refaire un tripl\u00e9 d\u2019infiltration.<\/p>\n<\/div><\/div><\/div><div class=\"fusion-panel panel-default panel-60d44ab6ab57960f9 fusion-toggle-has-divider\"><div class=\"panel-heading\"><h4 class=\"panel-title toggle\" id=\"toggle_60d44ab6ab57960f9\"><a aria-expanded=\"false\" aria-controls=\"60d44ab6ab57960f9\" role=\"button\" data-toggle=\"collapse\" data-parent=\"#accordion-1229-1\" data-target=\"#60d44ab6ab57960f9\" href=\"#60d44ab6ab57960f9\"><span class=\"fusion-toggle-icon-wrapper\" aria-hidden=\"true\"><i class=\"fa-fusion-box active-icon awb-icon-minus\" aria-hidden=\"true\"><\/i><i class=\"fa-fusion-box inactive-icon awb-icon-plus\" aria-hidden=\"true\"><\/i><\/span><span class=\"fusion-toggle-heading\">Q : Que dois-je faire apr\u00e8s une infiltration ?<\/span><\/a><\/h4><\/div><div id=\"60d44ab6ab57960f9\" class=\"panel-collapse collapse \" aria-labelledby=\"toggle_60d44ab6ab57960f9\"><div class=\"panel-body toggle-content fusion-clearfix\">\n<p>R : Il faut observer le repos de 1 \u00e0 2 jours, \u00e9viter de faire du sport intensif, et consulter son m\u00e9decin au bout de 15 jours pour statuer.<\/p>\n<p>Il faut \u00e9viter les trajets longs en voiture pendant 1 semaine.<\/p>\n<\/div><\/div><\/div><\/div><\/div><div class=\"fusion-clearfix\"><\/div><\/div><\/div><\/div><\/div>\n","protected":false},"excerpt":{"rendered":"","protected":false},"author":1,"featured_media":0,"parent":11,"menu_order":0,"comment_status":"closed","ping_status":"closed","template":"","meta":{"footnotes":""},"_links":{"self":[{"href":"https:\/\/imageriemedicaleparis5.fr\/index.php?rest_route=\/wp\/v2\/pages\/1229"}],"collection":[{"href":"https:\/\/imageriemedicaleparis5.fr\/index.php?rest_route=\/wp\/v2\/pages"}],"about":[{"href":"https:\/\/imageriemedicaleparis5.fr\/index.php?rest_route=\/wp\/v2\/types\/page"}],"author":[{"embeddable":true,"href":"https:\/\/imageriemedicaleparis5.fr\/index.php?rest_route=\/wp\/v2\/users\/1"}],"replies":[{"embeddable":true,"href":"https:\/\/imageriemedicaleparis5.fr\/index.php?rest_route=%2Fwp%2Fv2%2Fcomments&post=1229"}],"version-history":[{"count":3,"href":"https:\/\/imageriemedicaleparis5.fr\/index.php?rest_route=\/wp\/v2\/pages\/1229\/revisions"}],"predecessor-version":[{"id":1233,"href":"https:\/\/imageriemedicaleparis5.fr\/index.php?rest_route=\/wp\/v2\/pages\/1229\/revisions\/1233"}],"up":[{"embeddable":true,"href":"https:\/\/imageriemedicaleparis5.fr\/index.php?rest_route=\/wp\/v2\/pages\/11"}],"wp:attachment":[{"href":"https:\/\/imageriemedicaleparis5.fr\/index.php?rest_route=%2Fwp%2Fv2%2Fmedia&parent=1229"}],"curies":[{"name":"wp","href":"https:\/\/api.w.org\/{rel}","templated":true}]}}