{"id":1173,"date":"2018-04-30T15:53:22","date_gmt":"2018-04-30T13:53:22","guid":{"rendered":"http:\/\/imageriemedicaleparis5.fr\/?page_id=1173"},"modified":"2018-04-30T16:13:23","modified_gmt":"2018-04-30T14:13:23","slug":"unite-de-radiologie-conventionnelle","status":"publish","type":"page","link":"https:\/\/imageriemedicaleparis5.fr\/?page_id=1173","title":{"rendered":"Unit\u00e9 Radiologie Conventionnelle"},"content":{"rendered":"<p><div class=\"fusion-fullwidth fullwidth-box fusion-builder-row-1 nonhundred-percent-fullwidth non-hundred-percent-height-scrolling\" style=\"--awb-border-radius-top-left:0px;--awb-border-radius-top-right:0px;--awb-border-radius-bottom-right:0px;--awb-border-radius-bottom-left:0px;--awb-flex-wrap:wrap;\" ><div class=\"fusion-builder-row fusion-row\"><div class=\"fusion-layout-column fusion_builder_column fusion-builder-column-0 fusion_builder_column_1_1 1_1 fusion-one-full fusion-column-first fusion-column-last\" style=\"--awb-bg-size:cover;\"><div class=\"fusion-column-wrapper fusion-flex-column-wrapper-legacy\"><div class=\"fusion-title title fusion-title-1 fusion-title-text fusion-title-size-two\" style=\"--awb-sep-color:#03a9f4;\"><h2 class=\"fusion-title-heading title-heading-left\" style=\"margin:0;\"><span style=\"color: #03a9f4;\">Unit\u00e9 Radiologie Conventionnelle<\/span><\/h2><span class=\"awb-title-spacer\"><\/span><div class=\"title-sep-container\"><div class=\"title-sep sep-single sep-dashed\" style=\"border-color:#03a9f4;\"><\/div><\/div><\/div><div class=\"fusion-clearfix\"><\/div><\/div><\/div><\/div><\/div><div class=\"fusion-fullwidth fullwidth-box fusion-builder-row-2 nonhundred-percent-fullwidth non-hundred-percent-height-scrolling\" style=\"--awb-border-radius-top-left:0px;--awb-border-radius-top-right:0px;--awb-border-radius-bottom-right:0px;--awb-border-radius-bottom-left:0px;--awb-flex-wrap:wrap;\" ><div class=\"fusion-builder-row fusion-row\"><div class=\"fusion-layout-column fusion_builder_column fusion-builder-column-1 fusion_builder_column_2_3 2_3 fusion-two-third fusion-column-first\" style=\"--awb-bg-size:cover;width:66.666666666667%;width:calc(66.666666666667% - ( ( 4% ) * 0.66666666666667 ) );margin-right: 4%;\"><div class=\"fusion-column-wrapper fusion-flex-column-wrapper-legacy\"><div class=\"fusion-text fusion-text-1\"><p>L&rsquo;imagerie par rayons X est peut-\u00eatre la forme de diagnostic la plus connue.<\/p>\n<p>Nous nous consacrons \u00e0 maximiser la qualit\u00e9 de l&rsquo;image, en minimisant l&rsquo;exposition des patients et le tout dans les plus brefs d\u00e9lais.<\/p>\n<p>Nous utilisons des systemes dit \u00ab\u00a0capteurs plans\u00a0\u00bb ou le film photographique est remplac\u00e9 par un capteur qui transmet\u00a0 l\u2019impression \u00ab\u00a0photographique\u00a0\u00bb en signal num\u00e9rique qui sont transform\u00e9s en image par un ordinateur(radiographie num\u00e9rique)<\/p>\n<p>Parce que ce test de diagnostic implique une exposition aux rayonnements ionisants, les machines modernes sont plus pr\u00e9cises en ciblant une zone avec des rayons X afin de ne pas exposer inutilement d&rsquo;autres parties du corps.<\/p>\n<p>Les femmes qui sont enceintes ou qui ont des raisons de croire qu&rsquo;elles pourraient \u00eatre enceintes devraient consulter leur m\u00e9decin avant de subir un examen radiologique.<\/p>\n<p>La dose pr\u00e9cise\u00a0d\u00e9livr\u00e9e et absorb\u00e9e par le patient (mgy*cm2) est consign\u00e9e obligatoirement dans le compte rendu.<\/p>\n<\/div><div class=\"fusion-clearfix\"><\/div><\/div><\/div><div class=\"fusion-layout-column fusion_builder_column fusion-builder-column-2 fusion_builder_column_1_3 1_3 fusion-one-third fusion-column-last\" style=\"--awb-bg-size:cover;width:33.333333333333%;width:calc(33.333333333333% - ( ( 4% ) * 0.33333333333333 ) );\"><div class=\"fusion-column-wrapper fusion-flex-column-wrapper-legacy\"><div class=\"fusion-image-element in-legacy-container\" style=\"--awb-caption-title-font-family:var(--h2_typography-font-family);--awb-caption-title-font-weight:var(--h2_typography-font-weight);--awb-caption-title-font-style:var(--h2_typography-font-style);--awb-caption-title-size:var(--h2_typography-font-size);--awb-caption-title-transform:var(--h2_typography-text-transform);--awb-caption-title-line-height:var(--h2_typography-line-height);--awb-caption-title-letter-spacing:var(--h2_typography-letter-spacing);\"><span class=\" fusion-imageframe imageframe-dropshadow imageframe-1 hover-type-none\" style=\"-webkit-box-shadow: 3px 3px 7px rgba(0,0,0,0.3);box-shadow: 3px 3px 7px rgba(0,0,0,0.3);\"><img decoding=\"async\" width=\"400\" height=\"267\" title=\"UNADJUSTEDNONRAW_thumb_b2f7\" src=\"http:\/\/imageriemedicaleparis5.fr\/wp-content\/uploads\/2018\/04\/UNADJUSTEDNONRAW_thumb_b2f7-2-400x267.jpg\" alt class=\"img-responsive wp-image-1196\" srcset=\"https:\/\/imageriemedicaleparis5.fr\/wp-content\/uploads\/2018\/04\/UNADJUSTEDNONRAW_thumb_b2f7-2-200x133.jpg 200w, https:\/\/imageriemedicaleparis5.fr\/wp-content\/uploads\/2018\/04\/UNADJUSTEDNONRAW_thumb_b2f7-2-400x267.jpg 400w, https:\/\/imageriemedicaleparis5.fr\/wp-content\/uploads\/2018\/04\/UNADJUSTEDNONRAW_thumb_b2f7-2-600x400.jpg 600w, https:\/\/imageriemedicaleparis5.fr\/wp-content\/uploads\/2018\/04\/UNADJUSTEDNONRAW_thumb_b2f7-2-800x533.jpg 800w, https:\/\/imageriemedicaleparis5.fr\/wp-content\/uploads\/2018\/04\/UNADJUSTEDNONRAW_thumb_b2f7-2.jpg 1086w\" sizes=\"(max-width: 800px) 100vw, 600px\" \/><\/span><\/div><div class=\"fusion-clearfix\"><\/div><\/div><\/div><\/div><\/div><\/p>\n","protected":false},"excerpt":{"rendered":"","protected":false},"author":1,"featured_media":0,"parent":11,"menu_order":0,"comment_status":"closed","ping_status":"closed","template":"","meta":{"footnotes":""},"_links":{"self":[{"href":"https:\/\/imageriemedicaleparis5.fr\/index.php?rest_route=\/wp\/v2\/pages\/1173"}],"collection":[{"href":"https:\/\/imageriemedicaleparis5.fr\/index.php?rest_route=\/wp\/v2\/pages"}],"about":[{"href":"https:\/\/imageriemedicaleparis5.fr\/index.php?rest_route=\/wp\/v2\/types\/page"}],"author":[{"embeddable":true,"href":"https:\/\/imageriemedicaleparis5.fr\/index.php?rest_route=\/wp\/v2\/users\/1"}],"replies":[{"embeddable":true,"href":"https:\/\/imageriemedicaleparis5.fr\/index.php?rest_route=%2Fwp%2Fv2%2Fcomments&post=1173"}],"version-history":[{"count":6,"href":"https:\/\/imageriemedicaleparis5.fr\/index.php?rest_route=\/wp\/v2\/pages\/1173\/revisions"}],"predecessor-version":[{"id":1219,"href":"https:\/\/imageriemedicaleparis5.fr\/index.php?rest_route=\/wp\/v2\/pages\/1173\/revisions\/1219"}],"up":[{"embeddable":true,"href":"https:\/\/imageriemedicaleparis5.fr\/index.php?rest_route=\/wp\/v2\/pages\/11"}],"wp:attachment":[{"href":"https:\/\/imageriemedicaleparis5.fr\/index.php?rest_route=%2Fwp%2Fv2%2Fmedia&parent=1173"}],"curies":[{"name":"wp","href":"https:\/\/api.w.org\/{rel}","templated":true}]}}