{"id":1161,"date":"2018-04-30T15:35:29","date_gmt":"2018-04-30T13:35:29","guid":{"rendered":"http:\/\/imageriemedicaleparis5.fr\/?page_id=1161"},"modified":"2018-04-30T16:12:34","modified_gmt":"2018-04-30T14:12:34","slug":"unite-de-scanner","status":"publish","type":"page","link":"https:\/\/imageriemedicaleparis5.fr\/?page_id=1161","title":{"rendered":"Unit\u00e9 Scanner"},"content":{"rendered":"<p><div class=\"fusion-fullwidth fullwidth-box fusion-builder-row-1 nonhundred-percent-fullwidth non-hundred-percent-height-scrolling\" style=\"--awb-border-radius-top-left:0px;--awb-border-radius-top-right:0px;--awb-border-radius-bottom-right:0px;--awb-border-radius-bottom-left:0px;--awb-flex-wrap:wrap;\" ><div class=\"fusion-builder-row fusion-row\"><div class=\"fusion-layout-column fusion_builder_column fusion-builder-column-0 fusion_builder_column_1_1 1_1 fusion-one-full fusion-column-first fusion-column-last\" style=\"--awb-bg-size:cover;\"><div class=\"fusion-column-wrapper fusion-flex-column-wrapper-legacy\"><div class=\"fusion-title title fusion-title-1 fusion-title-text fusion-title-size-two\" style=\"--awb-sep-color:#03a9f4;\"><h2 class=\"fusion-title-heading title-heading-left\" style=\"margin:0;\"><span style=\"color: #03a9f4;\">Unit\u00e9 Scanner<\/span><\/h2><span class=\"awb-title-spacer\"><\/span><div class=\"title-sep-container\"><div class=\"title-sep sep-single sep-dashed\" style=\"border-color:#03a9f4;\"><\/div><\/div><\/div><div class=\"fusion-clearfix\"><\/div><\/div><\/div><\/div><\/div><div class=\"fusion-fullwidth fullwidth-box fusion-builder-row-2 nonhundred-percent-fullwidth non-hundred-percent-height-scrolling\" style=\"--awb-border-radius-top-left:0px;--awb-border-radius-top-right:0px;--awb-border-radius-bottom-right:0px;--awb-border-radius-bottom-left:0px;--awb-flex-wrap:wrap;\" ><div class=\"fusion-builder-row fusion-row\"><div class=\"fusion-layout-column fusion_builder_column fusion-builder-column-1 fusion_builder_column_2_3 2_3 fusion-two-third fusion-column-first\" style=\"--awb-bg-size:cover;width:66.666666666667%;width:calc(66.666666666667% - ( ( 4% ) * 0.66666666666667 ) );margin-right: 4%;\"><div class=\"fusion-column-wrapper fusion-flex-column-wrapper-legacy\"><div class=\"fusion-text fusion-text-1\"><p>Notre tomodensitom\u00e8tre ou scanner de derni\u00e8re g\u00e9n\u00e9ration\u00a0 h\u00e9lico\u00efdal \u00e0 d\u00e9tecteur GE 64 raccourcit significativement les temps d&rsquo;examen et r\u00e9duit le volume de produit de contraste non ionique administr\u00e9 par voie intraveineuse tout en procurant une r\u00e9solution exceptionnelle.<\/p>\n<p>Notre syst\u00e9me est dot\u00e9 d\u2019un algorithme permettant d\u2019abaisser la dose re\u00e7ue par le patient au cours du scanner de 40 %<\/p>\n<p>Le balayage h\u00e9lico\u00efdal produit, pendant une seule prise de respiration, de multiples coupes contigu\u00ebs de sorte que les l\u00e9sions extr\u00eamement petites ne soient pas masqu\u00e9es.<\/p>\n<p>La technologie de pointe 64 Detector fournit les coupes libres de mouvement les plus fines n\u00e9cessaires pour l&rsquo;angiographie CT (cartographie et analyse directes des art\u00e8res du corps telles que l&rsquo;aorte, les carotides, les coronaires, les reins et les extr\u00e9mit\u00e9s) et la reconstruction 3D avanc\u00e9e d&rsquo;images<\/p>\n<p>Ces caract\u00e9ristiques am\u00e9liorent la sensibilit\u00e9 du diagnostic, la d\u00e9tection pr\u00e9coce et le suivi constant de la pathologie tout en am\u00e9liorant le confort du patient.<\/p>\n<p><strong>Pendant votre scanner :<\/strong><\/p>\n<p>Pendant le balayage, le patient devra rester immobile sur une table confortable\u00a0 pendant 5 \u00e0 10 minutes, selon la zone du corps \u00e0 scanner.<\/p>\n<p>La table se d\u00e9place toutes les quelques secondes \u00e0 mesure que les images sont obtenues.<\/p>\n<p>Le patient entendra des bourdonnements et des claquements faibles. Une fois les images prises, un radiologue examinera les images pour s&rsquo;assurer que toute la zone a \u00e9t\u00e9 couverte.<\/p>\n<p>Parfois, en raison de la respiration ou du mouvement \u00e0 l&rsquo;int\u00e9rieur du corps, des images suppl\u00e9mentaires sont n\u00e9cessaires.<br \/>\nLes images suppl\u00e9mentaires ne signifient pas qu&rsquo;il y a un probl\u00e8me.<\/p>\n<p><strong>L\u2019 injection de produit de contraste au cours du scanner\u00a0:<\/strong><\/p>\n<p>Selon la partie du corps \u00e0 scanner, diff\u00e9rents produits de contraste sont utilis\u00e9s. Tr\u00e8s souvent, le contraste est administr\u00e9\u00a0 par la veine (intraveineuse).<br \/>\nLe contraste que nous utilisons est un contraste iod\u00e9 non ionique.<br \/>\nSi le patient a une allergie \u00e0 l&rsquo;iode ou s&rsquo;il a d\u00e9j\u00e0 eu une r\u00e9action au produit par le pass\u00e9, vous devez en informer le cabinet lors de la prise de rendez-vous et \u00e9galement au moment de l&rsquo;examen afin d&rsquo;\u00e9viter tout probl\u00e8me.<\/p>\n<p>De m\u00eame en cas de maladie r\u00e9nale un prescription de dosage de la cr\u00e9atinin\u00e9mie plasmatique pour calculer la clairance (d\u00e9bit de filtration glom\u00e9rulaire selon MDRD) est n\u00e9cessaire avant l\u2019examen.<\/p>\n<p>En cas de diab\u00e8te\u00a0type 2 trait\u00e9 il faut imp\u00e9rativement pr\u00e9venir l\u2019\u00e9quipe m\u00e9dicale.<\/p>\n<p><strong>Cas particulier des arthroscanners\u00a0:<\/strong><\/p>\n<p>Le produit de contraste est inject\u00e9 directement dans l articulation (\u00e9paule,coude,poignet,hanche,genou, cheville) dans un premier temps.<br \/>\nPuis le scanner est r\u00e9alis\u00e9 dans un second temps.<\/p>\n<\/div><div class=\"fusion-clearfix\"><\/div><\/div><\/div><div class=\"fusion-layout-column fusion_builder_column fusion-builder-column-2 fusion_builder_column_1_3 1_3 fusion-one-third fusion-column-last\" style=\"--awb-bg-size:cover;width:33.333333333333%;width:calc(33.333333333333% - ( ( 4% ) * 0.33333333333333 ) );\"><div class=\"fusion-column-wrapper fusion-flex-column-wrapper-legacy\"><div class=\"fusion-image-element in-legacy-container\" style=\"--awb-caption-title-font-family:var(--h2_typography-font-family);--awb-caption-title-font-weight:var(--h2_typography-font-weight);--awb-caption-title-font-style:var(--h2_typography-font-style);--awb-caption-title-size:var(--h2_typography-font-size);--awb-caption-title-transform:var(--h2_typography-text-transform);--awb-caption-title-line-height:var(--h2_typography-line-height);--awb-caption-title-letter-spacing:var(--h2_typography-letter-spacing);\"><span class=\" fusion-imageframe imageframe-dropshadow imageframe-1 hover-type-none\" style=\"-webkit-box-shadow: 3px 3px 7px rgba(0,0,0,0.3);box-shadow: 3px 3px 7px rgba(0,0,0,0.3);\"><img decoding=\"async\" width=\"842\" height=\"722\" title=\"ct\" src=\"http:\/\/imageriemedicaleparis5.fr\/wp-content\/uploads\/2018\/04\/ct.jpg\" alt class=\"img-responsive wp-image-1171\" srcset=\"https:\/\/imageriemedicaleparis5.fr\/wp-content\/uploads\/2018\/04\/ct-200x171.jpg 200w, https:\/\/imageriemedicaleparis5.fr\/wp-content\/uploads\/2018\/04\/ct-400x343.jpg 400w, https:\/\/imageriemedicaleparis5.fr\/wp-content\/uploads\/2018\/04\/ct-600x514.jpg 600w, https:\/\/imageriemedicaleparis5.fr\/wp-content\/uploads\/2018\/04\/ct-800x686.jpg 800w, https:\/\/imageriemedicaleparis5.fr\/wp-content\/uploads\/2018\/04\/ct.jpg 842w\" sizes=\"(max-width: 800px) 100vw, 600px\" \/><\/span><\/div><div class=\"fusion-sep-clear\"><\/div><div class=\"fusion-separator fusion-full-width-sep\" style=\"margin-left: auto;margin-right: auto;margin-top:10px;margin-bottom:10px;width:100%;\"><\/div><div class=\"fusion-sep-clear\"><\/div><div class=\"fusion-image-element in-legacy-container\" style=\"--awb-caption-title-font-family:var(--h2_typography-font-family);--awb-caption-title-font-weight:var(--h2_typography-font-weight);--awb-caption-title-font-style:var(--h2_typography-font-style);--awb-caption-title-size:var(--h2_typography-font-size);--awb-caption-title-transform:var(--h2_typography-text-transform);--awb-caption-title-line-height:var(--h2_typography-line-height);--awb-caption-title-letter-spacing:var(--h2_typography-letter-spacing);\"><span class=\" fusion-imageframe imageframe-dropshadow imageframe-2 hover-type-none\" style=\"-webkit-box-shadow: 3px 3px 7px rgba(0,0,0,0.3);box-shadow: 3px 3px 7px rgba(0,0,0,0.3);\"><img decoding=\"async\" width=\"724\" height=\"1086\" title=\"UNADJUSTEDNONRAW_thumb_b2fa\" src=\"http:\/\/imageriemedicaleparis5.fr\/wp-content\/uploads\/2018\/04\/UNADJUSTEDNONRAW_thumb_b2fa-1.jpg\" alt class=\"img-responsive wp-image-1168\" srcset=\"https:\/\/imageriemedicaleparis5.fr\/wp-content\/uploads\/2018\/04\/UNADJUSTEDNONRAW_thumb_b2fa-1-200x300.jpg 200w, https:\/\/imageriemedicaleparis5.fr\/wp-content\/uploads\/2018\/04\/UNADJUSTEDNONRAW_thumb_b2fa-1-400x600.jpg 400w, https:\/\/imageriemedicaleparis5.fr\/wp-content\/uploads\/2018\/04\/UNADJUSTEDNONRAW_thumb_b2fa-1-600x900.jpg 600w, https:\/\/imageriemedicaleparis5.fr\/wp-content\/uploads\/2018\/04\/UNADJUSTEDNONRAW_thumb_b2fa-1.jpg 724w\" sizes=\"(max-width: 800px) 100vw, 600px\" \/><\/span><\/div><div class=\"fusion-clearfix\"><\/div><\/div><\/div><\/div><\/div><\/p>\n","protected":false},"excerpt":{"rendered":"","protected":false},"author":1,"featured_media":0,"parent":11,"menu_order":0,"comment_status":"closed","ping_status":"closed","template":"","meta":{"footnotes":""},"_links":{"self":[{"href":"https:\/\/imageriemedicaleparis5.fr\/index.php?rest_route=\/wp\/v2\/pages\/1161"}],"collection":[{"href":"https:\/\/imageriemedicaleparis5.fr\/index.php?rest_route=\/wp\/v2\/pages"}],"about":[{"href":"https:\/\/imageriemedicaleparis5.fr\/index.php?rest_route=\/wp\/v2\/types\/page"}],"author":[{"embeddable":true,"href":"https:\/\/imageriemedicaleparis5.fr\/index.php?rest_route=\/wp\/v2\/users\/1"}],"replies":[{"embeddable":true,"href":"https:\/\/imageriemedicaleparis5.fr\/index.php?rest_route=%2Fwp%2Fv2%2Fcomments&post=1161"}],"version-history":[{"count":8,"href":"https:\/\/imageriemedicaleparis5.fr\/index.php?rest_route=\/wp\/v2\/pages\/1161\/revisions"}],"predecessor-version":[{"id":1218,"href":"https:\/\/imageriemedicaleparis5.fr\/index.php?rest_route=\/wp\/v2\/pages\/1161\/revisions\/1218"}],"up":[{"embeddable":true,"href":"https:\/\/imageriemedicaleparis5.fr\/index.php?rest_route=\/wp\/v2\/pages\/11"}],"wp:attachment":[{"href":"https:\/\/imageriemedicaleparis5.fr\/index.php?rest_route=%2Fwp%2Fv2%2Fmedia&parent=1161"}],"curies":[{"name":"wp","href":"https:\/\/api.w.org\/{rel}","templated":true}]}}