{"id":1136,"date":"2018-04-30T14:54:28","date_gmt":"2018-04-30T12:54:28","guid":{"rendered":"http:\/\/imageriemedicaleparis5.fr\/?page_id=1136"},"modified":"2018-04-30T16:11:15","modified_gmt":"2018-04-30T14:11:15","slug":"1136-2","status":"publish","type":"page","link":"https:\/\/imageriemedicaleparis5.fr\/?page_id=1136","title":{"rendered":"Unit\u00e9 EOS"},"content":{"rendered":"<p><div class=\"fusion-fullwidth fullwidth-box fusion-builder-row-1 nonhundred-percent-fullwidth non-hundred-percent-height-scrolling\" style=\"--awb-border-radius-top-left:0px;--awb-border-radius-top-right:0px;--awb-border-radius-bottom-right:0px;--awb-border-radius-bottom-left:0px;--awb-flex-wrap:wrap;\" ><div class=\"fusion-builder-row fusion-row\"><div class=\"fusion-layout-column fusion_builder_column fusion-builder-column-0 fusion_builder_column_1_1 1_1 fusion-one-full fusion-column-first fusion-column-last\" style=\"--awb-bg-size:cover;\"><div class=\"fusion-column-wrapper fusion-flex-column-wrapper-legacy\"><div class=\"fusion-title title fusion-title-1 fusion-title-text fusion-title-size-two\" style=\"--awb-sep-color:#03a9f4;\"><h2 class=\"fusion-title-heading title-heading-left\" style=\"margin:0;\"><span style=\"color: #03a9f4;\">Unit\u00e9 EOS<\/span><\/h2><span class=\"awb-title-spacer\"><\/span><div class=\"title-sep-container\"><div class=\"title-sep sep-single sep-dashed\" style=\"border-color:#03a9f4;\"><\/div><\/div><\/div>\n<div class=\"fusion-clearfix\"><\/div><\/div><\/div><\/div><\/div><div class=\"fusion-fullwidth fullwidth-box fusion-builder-row-2 nonhundred-percent-fullwidth non-hundred-percent-height-scrolling\" style=\"--awb-border-radius-top-left:0px;--awb-border-radius-top-right:0px;--awb-border-radius-bottom-right:0px;--awb-border-radius-bottom-left:0px;--awb-flex-wrap:wrap;\" ><div class=\"fusion-builder-row fusion-row\"><div class=\"fusion-layout-column fusion_builder_column fusion-builder-column-1 fusion_builder_column_3_4 3_4 fusion-three-fourth fusion-column-first\" style=\"--awb-bg-size:cover;width:75%;width:calc(75% - ( ( 4% ) * 0.75 ) );margin-right: 4%;\"><div class=\"fusion-column-wrapper fusion-flex-column-wrapper-legacy\"><div class=\"fusion-text fusion-text-1\"><p><strong>Nouveaut\u00e9 du D\u00e9partement d\u2019Imagerie\u00a0du \u00a0Groupe Geoffroy Saint Hilaire \u2013 Clinique du Sport<\/strong><\/p>\n<p>Le d\u00e9partement\u00a0 d\u2019Imagerie du groupe s\u2019est r\u00e9cemment dot\u00e9 d\u2019un appareil \u00a0EOS\u00a0:<\/p>\n<p>EOS est un syst\u00e8me d&rsquo;<a href=\"https:\/\/fr.wikipedia.org\/wiki\/Imagerie_m%C3%A9dicale\">imagerie m\u00e9dicale<\/a>\u00a0permettant l&rsquo;acquisition simultan\u00e9e de deux images <a href=\"https:\/\/fr.wikipedia.org\/wiki\/Radiographie\">radiographiques<\/a>, face et profil, en limitant la <a href=\"https:\/\/fr.wikipedia.org\/wiki\/Dose_absorb%C3%A9e\">dose\u00a0<\/a>de <a href=\"https:\/\/fr.wikipedia.org\/wiki\/Rayons_X\">rayons X<\/a>absorb\u00e9e par le patient.<\/p>\n<p>Le syst\u00e8me s&rsquo;appuie sur la haute sensibilit\u00e9 d&rsquo;un d\u00e9tecteur gazeux (<a href=\"https:\/\/fr.wikipedia.org\/wiki\/Chambre_%C3%A0_fils\">chambre \u00e0 fils<\/a>) invent\u00e9 par <a href=\"https:\/\/fr.wikipedia.org\/wiki\/Georges_Charpak\">Georges Charpak\u00a0<\/a>(<a href=\"https:\/\/fr.wikipedia.org\/wiki\/Prix_Nobel\">Prix Nobel<\/a>de Physique en <a href=\"https:\/\/fr.wikipedia.org\/wiki\/1992\">1992<\/a>).<\/p>\n<p>L\u2019apport des reconstructions, des mesures 2D et 3D est devenu indispensable en pratique courante<\/p>\n<p>Elle constitue une avanc\u00e9e majeure dans le diagnostic\u00a0:<\/p>\n<ul>\n<li>pour le diagnostic et le suivi et pour le\u00a0traitement des pathologies de l&rsquo;appareil locomoteur,<\/li>\n<li>dans l\u2019appr\u00e9ciation des anomalies de la statique sagittale des maladies du rachis,<\/li>\n<li>pour les mensurations et l&rsquo;\u00e9valuation des d\u00e9formations des membres inf\u00e9rieurs et pour la planification des chirurgies proth\u00e9tiques (hanche et genou).<\/li>\n<li>pour les pelvim\u00e9trie de la femme enceinte (en cours d\u2019\u00e9valuation)<\/li>\n<\/ul>\n<p><strong>L\u2019avantage essentiel de cette technique est, pour la premi\u00e8re fois, de diminuer de fa\u00e7on drastique la dose d\u2019irradiation re\u00e7ue par le patient.<\/strong><\/p>\n<\/div><div class=\"fusion-image-element in-legacy-container\" style=\"--awb-caption-title-font-family:var(--h2_typography-font-family);--awb-caption-title-font-weight:var(--h2_typography-font-weight);--awb-caption-title-font-style:var(--h2_typography-font-style);--awb-caption-title-size:var(--h2_typography-font-size);--awb-caption-title-transform:var(--h2_typography-text-transform);--awb-caption-title-line-height:var(--h2_typography-line-height);--awb-caption-title-letter-spacing:var(--h2_typography-letter-spacing);\"><span class=\" fusion-imageframe imageframe-dropshadow imageframe-1 hover-type-none\" style=\"-webkit-box-shadow: 3px 3px 7px rgba(0,0,0,0.3);box-shadow: 3px 3px 7px rgba(0,0,0,0.3);\"><img decoding=\"async\" width=\"850\" height=\"433\" title=\"Fig-5\" src=\"http:\/\/imageriemedicaleparis5.fr\/wp-content\/uploads\/2018\/04\/Fig-5.png\" alt class=\"img-responsive wp-image-1148\" srcset=\"https:\/\/imageriemedicaleparis5.fr\/wp-content\/uploads\/2018\/04\/Fig-5-200x102.png 200w, https:\/\/imageriemedicaleparis5.fr\/wp-content\/uploads\/2018\/04\/Fig-5-400x204.png 400w, https:\/\/imageriemedicaleparis5.fr\/wp-content\/uploads\/2018\/04\/Fig-5-600x306.png 600w, https:\/\/imageriemedicaleparis5.fr\/wp-content\/uploads\/2018\/04\/Fig-5-800x408.png 800w, https:\/\/imageriemedicaleparis5.fr\/wp-content\/uploads\/2018\/04\/Fig-5.png 850w\" sizes=\"(max-width: 800px) 100vw, 850px\" \/><\/span><\/div><div class=\"fusion-clearfix\"><\/div><\/div><\/div><div class=\"fusion-layout-column fusion_builder_column fusion-builder-column-2 fusion_builder_column_1_4 1_4 fusion-one-fourth fusion-column-last\" style=\"--awb-bg-size:cover;--awb-margin-top:10px;--awb-margin-bottom:10px;width:25%;width:calc(25% - ( ( 4% ) * 0.25 ) );\"><div class=\"fusion-column-wrapper fusion-flex-column-wrapper-legacy\"><div class=\"fusion-image-element in-legacy-container\" style=\"--awb-caption-title-font-family:var(--h2_typography-font-family);--awb-caption-title-font-weight:var(--h2_typography-font-weight);--awb-caption-title-font-style:var(--h2_typography-font-style);--awb-caption-title-size:var(--h2_typography-font-size);--awb-caption-title-transform:var(--h2_typography-text-transform);--awb-caption-title-line-height:var(--h2_typography-line-height);--awb-caption-title-letter-spacing:var(--h2_typography-letter-spacing);\"><span class=\" fusion-imageframe imageframe-dropshadow imageframe-2 hover-type-none\" style=\"-webkit-box-shadow: 3px 3px 7px rgba(0,0,0,0.3);box-shadow: 3px 3px 7px rgba(0,0,0,0.3);\"><img decoding=\"async\" width=\"265\" height=\"300\" title=\"systeme_eos-2-1\" src=\"http:\/\/imageriemedicaleparis5.fr\/wp-content\/uploads\/2018\/04\/systeme_eos-2-1-265x300.jpg\" alt class=\"img-responsive wp-image-1142\" srcset=\"https:\/\/imageriemedicaleparis5.fr\/wp-content\/uploads\/2018\/04\/systeme_eos-2-1-200x227.jpg 200w, https:\/\/imageriemedicaleparis5.fr\/wp-content\/uploads\/2018\/04\/systeme_eos-2-1-400x453.jpg 400w, https:\/\/imageriemedicaleparis5.fr\/wp-content\/uploads\/2018\/04\/systeme_eos-2-1-600x680.jpg 600w, https:\/\/imageriemedicaleparis5.fr\/wp-content\/uploads\/2018\/04\/systeme_eos-2-1.jpg 700w\" sizes=\"(max-width: 800px) 100vw, 400px\" \/><\/span><\/div><div class=\"fusion-sep-clear\"><\/div><div class=\"fusion-separator fusion-full-width-sep\" style=\"margin-left: auto;margin-right: auto;margin-top:10px;margin-bottom:10px;width:100%;\"><\/div><div class=\"fusion-sep-clear\"><\/div><div class=\"fusion-image-element in-legacy-container\" style=\"--awb-caption-title-font-family:var(--h2_typography-font-family);--awb-caption-title-font-weight:var(--h2_typography-font-weight);--awb-caption-title-font-style:var(--h2_typography-font-style);--awb-caption-title-size:var(--h2_typography-font-size);--awb-caption-title-transform:var(--h2_typography-text-transform);--awb-caption-title-line-height:var(--h2_typography-line-height);--awb-caption-title-letter-spacing:var(--h2_typography-letter-spacing);\"><span class=\" fusion-imageframe imageframe-dropshadow imageframe-3 hover-type-none\" style=\"-webkit-box-shadow: 3px 3px 7px rgba(0,0,0,0.3);box-shadow: 3px 3px 7px rgba(0,0,0,0.3);\"><img decoding=\"async\" width=\"265\" height=\"278\" title=\"eos\" src=\"http:\/\/imageriemedicaleparis5.fr\/wp-content\/uploads\/2018\/04\/eos-e1525093657606.jpg\" alt class=\"img-responsive wp-image-1143\"\/><\/span><\/div><div class=\"fusion-sep-clear\"><\/div><div class=\"fusion-separator fusion-full-width-sep\" style=\"margin-left: auto;margin-right: auto;margin-top:10px;margin-bottom:10px;width:100%;\"><\/div><div class=\"fusion-sep-clear\"><\/div><div class=\"fusion-image-element in-legacy-container\" style=\"--awb-caption-title-font-family:var(--h2_typography-font-family);--awb-caption-title-font-weight:var(--h2_typography-font-weight);--awb-caption-title-font-style:var(--h2_typography-font-style);--awb-caption-title-size:var(--h2_typography-font-size);--awb-caption-title-transform:var(--h2_typography-text-transform);--awb-caption-title-line-height:var(--h2_typography-line-height);--awb-caption-title-letter-spacing:var(--h2_typography-letter-spacing);\"><span class=\" fusion-imageframe imageframe-dropshadow imageframe-4 hover-type-none\" style=\"-webkit-box-shadow: 3px 3px 7px rgba(0,0,0,0.3);box-shadow: 3px 3px 7px rgba(0,0,0,0.3);\"><img decoding=\"async\" width=\"265\" height=\"203\" title=\"eos3\" src=\"http:\/\/imageriemedicaleparis5.fr\/wp-content\/uploads\/2018\/04\/eos3-1.jpg\" alt class=\"img-responsive wp-image-1154\" srcset=\"https:\/\/imageriemedicaleparis5.fr\/wp-content\/uploads\/2018\/04\/eos3-1-200x153.jpg 200w, https:\/\/imageriemedicaleparis5.fr\/wp-content\/uploads\/2018\/04\/eos3-1.jpg 265w\" sizes=\"(max-width: 800px) 100vw, 265px\" \/><\/span><\/div><div class=\"fusion-clearfix\"><\/div><\/div><\/div><\/div><\/div><\/p>\n","protected":false},"excerpt":{"rendered":"","protected":false},"author":1,"featured_media":0,"parent":11,"menu_order":0,"comment_status":"closed","ping_status":"closed","template":"","meta":{"footnotes":""},"_links":{"self":[{"href":"https:\/\/imageriemedicaleparis5.fr\/index.php?rest_route=\/wp\/v2\/pages\/1136"}],"collection":[{"href":"https:\/\/imageriemedicaleparis5.fr\/index.php?rest_route=\/wp\/v2\/pages"}],"about":[{"href":"https:\/\/imageriemedicaleparis5.fr\/index.php?rest_route=\/wp\/v2\/types\/page"}],"author":[{"embeddable":true,"href":"https:\/\/imageriemedicaleparis5.fr\/index.php?rest_route=\/wp\/v2\/users\/1"}],"replies":[{"embeddable":true,"href":"https:\/\/imageriemedicaleparis5.fr\/index.php?rest_route=%2Fwp%2Fv2%2Fcomments&post=1136"}],"version-history":[{"count":15,"href":"https:\/\/imageriemedicaleparis5.fr\/index.php?rest_route=\/wp\/v2\/pages\/1136\/revisions"}],"predecessor-version":[{"id":1158,"href":"https:\/\/imageriemedicaleparis5.fr\/index.php?rest_route=\/wp\/v2\/pages\/1136\/revisions\/1158"}],"up":[{"embeddable":true,"href":"https:\/\/imageriemedicaleparis5.fr\/index.php?rest_route=\/wp\/v2\/pages\/11"}],"wp:attachment":[{"href":"https:\/\/imageriemedicaleparis5.fr\/index.php?rest_route=%2Fwp%2Fv2%2Fmedia&parent=1136"}],"curies":[{"name":"wp","href":"https:\/\/api.w.org\/{rel}","templated":true}]}}