{"id":11,"date":"2018-04-15T16:07:45","date_gmt":"2018-04-15T14:07:45","guid":{"rendered":"http:\/\/imageriemedicaleparis5.fr\/?page_id=11"},"modified":"2020-04-27T19:44:52","modified_gmt":"2020-04-27T17:44:52","slug":"examens-2","status":"publish","type":"page","link":"https:\/\/imageriemedicaleparis5.fr\/?page_id=11","title":{"rendered":"Imageries"},"content":{"rendered":"<div class=\"fusion-fullwidth fullwidth-box fusion-builder-row-1 nonhundred-percent-fullwidth non-hundred-percent-height-scrolling\" style=\"--awb-border-radius-top-left:0px;--awb-border-radius-top-right:0px;--awb-border-radius-bottom-right:0px;--awb-border-radius-bottom-left:0px;--awb-flex-wrap:wrap;\" ><div class=\"fusion-builder-row fusion-row\"><div class=\"fusion-layout-column fusion_builder_column fusion-builder-column-0 fusion_builder_column_1_1 1_1 fusion-one-full fusion-column-first fusion-column-last\" style=\"--awb-bg-size:cover;\"><div class=\"fusion-column-wrapper fusion-flex-column-wrapper-legacy\"><div class=\"accordian fusion-accordian\" style=\"--awb-border-size:1px;--awb-icon-size:17px;--awb-content-font-size:16px;--awb-icon-alignment:left;--awb-hover-color:#f9f9f9;--awb-border-color:#cccccc;--awb-background-color:#ffffff;--awb-divider-color:#e0dede;--awb-divider-hover-color:#e0dede;--awb-icon-color:#ffffff;--awb-title-color:#333333;--awb-content-color:#747474;--awb-icon-box-color:#333333;--awb-toggle-hover-accent-color:#67b7e1;--awb-title-font-family:&quot;Antic Slab&quot;;--awb-title-font-weight:400;--awb-title-font-style:normal;--awb-title-font-size:16px;--awb-title-line-height:1.5;--awb-content-font-family:&quot;PT Sans&quot;;--awb-content-font-style:normal;--awb-content-font-weight:400;\"><div class=\"panel-group fusion-toggle-icon-boxed\" id=\"accordion-11-1\"><div class=\"fusion-panel panel-default panel-e6c234cf46c4ce4d4 fusion-toggle-no-divider fusion-toggle-boxed-mode\"><div class=\"panel-heading\"><h4 class=\"panel-title toggle\" id=\"toggle_e6c234cf46c4ce4d4\"><a class=\"active\" aria-expanded=\"true\" aria-controls=\"e6c234cf46c4ce4d4\" role=\"button\" data-toggle=\"collapse\" data-parent=\"#accordion-11-1\" data-target=\"#e6c234cf46c4ce4d4\" href=\"#e6c234cf46c4ce4d4\"><span class=\"fusion-toggle-icon-wrapper\" aria-hidden=\"true\"><i class=\"fa-fusion-box active-icon awb-icon-minus\" aria-hidden=\"true\"><\/i><i class=\"fa-fusion-box inactive-icon awb-icon-plus\" aria-hidden=\"true\"><\/i><\/span><span class=\"fusion-toggle-heading\">UNITE D'IRM<\/span><\/a><\/h4><\/div><div id=\"e6c234cf46c4ce4d4\" class=\"panel-collapse collapse in\" aria-labelledby=\"toggle_e6c234cf46c4ce4d4\"><div class=\"panel-body toggle-content fusion-clearfix\">\n<p>L&rsquo;IRM est \u00e9galement une m\u00e9thode n&rsquo;utilisant pas le rayonnement X mais les propri\u00e9t\u00e9s \u00e9lectro-magn\u00e9tiques du corps humain.<\/p>\n<p>C est une m\u00e9thode inoffensive.<\/p>\n<p>Pendant l&rsquo;examen IRM, le patient devra rester immobile pendant 15 \u00e0 20minutes, selon la zone de votre corps \u00e0 \u00e9tudier.<br \/>\nLa zone anatomique d&rsquo;int\u00e9r\u00eat sera positionn\u00e9e au centre de l&rsquo;aimant.<br \/>\nPendant le balayage, le patient entendra des bruits de percussion ,att\u00e9nu\u00e9s par un casque ou des boules Quies remises avant l\u2019examen.<br \/>\nLe patient est en contact permanent avec le technicien IRM tout au long de l&rsquo;examen et a acc\u00e8s \u00e0 un bouton de contr\u00f4le pour alerter le technicien si n\u00e9cessaire. Pour rendre l&rsquo;exp\u00e9rience de l&rsquo;examen IRM agr\u00e9able, nous avons un syst\u00e8me de musique que les patients peuvent \u00e9couter pendant l&rsquo;examen.<\/p>\n<p>La r\u00e9alisation de l&rsquo;I.R.M. n\u00e9cessite un appareillage sophistiqu\u00e9 ( appareil General Electric MR 450 , 1.5T) des techniciens d&rsquo;imagerie et des m\u00e9decins sp\u00e9cialement form\u00e9s et rompus \u00e0 ce type de technique.<br \/>\nPour chaque patient, notre d\u00e9partement d&rsquo;I.R.M. remet une fiche d&rsquo;informations avant de passer l&rsquo;examen<\/p>\n\n<div class=\"table-5\">\n<table width=\"100%\">\n<tbody>\n<tr>\n<td align=\"left\">Vous serez allong\u00e9 sur lit qui sera d\u00e9plac\u00e9 pour que la region que nous examinerons soit exactement au centre de l&rsquo;aimant qui lui est plac\u00e9 dans un cylindre ouvert \u00e0 ses deux extr\u00e9mit\u00e9s, celui-ci \u00e9tant parfaitement bien \u00e9clair\u00e9 et ventil\u00e9.<\/td>\n<td align=\"left\"><img decoding=\"async\" class=\"aligncenter wp-image-1096 size-medium\" src=\"http:\/\/imageriemedicaleparis5.fr\/wp-content\/uploads\/2018\/04\/irm-300x200.jpg\" alt=\"\" width=\"300\" height=\"200\" srcset=\"https:\/\/imageriemedicaleparis5.fr\/wp-content\/uploads\/2018\/04\/irm-200x133.jpg 200w, https:\/\/imageriemedicaleparis5.fr\/wp-content\/uploads\/2018\/04\/irm-300x200.jpg 300w, https:\/\/imageriemedicaleparis5.fr\/wp-content\/uploads\/2018\/04\/irm-400x266.jpg 400w, https:\/\/imageriemedicaleparis5.fr\/wp-content\/uploads\/2018\/04\/irm-600x400.jpg 600w, https:\/\/imageriemedicaleparis5.fr\/wp-content\/uploads\/2018\/04\/irm-768x512.jpg 768w, https:\/\/imageriemedicaleparis5.fr\/wp-content\/uploads\/2018\/04\/irm-800x533.jpg 800w, https:\/\/imageriemedicaleparis5.fr\/wp-content\/uploads\/2018\/04\/irm-1024x682.jpg 1024w, https:\/\/imageriemedicaleparis5.fr\/wp-content\/uploads\/2018\/04\/irm-1200x799.jpg 1200w, https:\/\/imageriemedicaleparis5.fr\/wp-content\/uploads\/2018\/04\/irm.jpg 1584w\" sizes=\"(max-width: 300px) 100vw, 300px\" \/><\/td>\n<\/tr>\n<tr>\n<td width=\"59%\">Il est primordial de rester immobile pendant toute la dur\u00e9e de l&rsquo;examen (15 \u00e020mn) pour \u00e9viter des mouvements qui perturbent fortement la lecture des images en provoquant des zones floues.<\/p>\n<p>Pendant tout l&rsquo;examen vous restez en contact avec le manipulateur et le m\u00e9decin par l&rsquo;interm\u00e9diaire d&rsquo;un microphone et d&rsquo;une cam\u00e9ra install\u00e9s dans l&rsquo;IRM.<\/p>\n<p>A la fin de l&rsquo;examen les images sont visualis\u00e9es sur un \u00e9cran puis sont imprim\u00e9es sur un film ou sur un CD.<br \/>\nLe m\u00e9decin analyse votre dossier avec les images obtenues pour r\u00e9diger son compte rendu qui vous sera ensuite remis.<\/td>\n<td align=\"center\"><img decoding=\"async\" class=\"alignnone wp-image-1098 size-medium\" src=\"http:\/\/imageriemedicaleparis5.fr\/wp-content\/uploads\/2018\/04\/sagitt-300x287.jpg\" alt=\"\" width=\"300\" height=\"287\" srcset=\"https:\/\/imageriemedicaleparis5.fr\/wp-content\/uploads\/2018\/04\/sagitt-200x192.jpg 200w, https:\/\/imageriemedicaleparis5.fr\/wp-content\/uploads\/2018\/04\/sagitt-300x287.jpg 300w, https:\/\/imageriemedicaleparis5.fr\/wp-content\/uploads\/2018\/04\/sagitt.jpg 335w\" sizes=\"(max-width: 300px) 100vw, 300px\" \/><\/td>\n<\/tr>\n<tr>\n<td align=\"left\">Au cours de l&rsquo;examen, un produit de contraste (qui s&rsquo;appelle GADOLINIUM) peut vous \u00eatre inject\u00e9 par voie intra-veineuse.<br \/>\nLl s&rsquo;agit d&rsquo;un agent de contraste qui sert \u00e0 mieux visualiser ou pr\u00e9ciser certaines structures.<br \/>\nSa tol\u00e9rance est excellente toutefois il faut nous signaler si vous \u00eates enceinte, si vous avez un terrain allergique ou si vous avez une an\u00e9mie h\u00e9molytique.<br \/>\nIl n&rsquo;est pas n\u00e9cessaire d&rsquo;\u00eatre \u00e0 jeun avant l&rsquo;injection.<\/td>\n<td align=\"left\"><img decoding=\"async\" class=\"aligncenter wp-image-1113 size-medium\" src=\"http:\/\/imageriemedicaleparis5.fr\/wp-content\/uploads\/2018\/04\/inject-300x249.jpg\" alt=\"\" width=\"300\" height=\"249\" srcset=\"https:\/\/imageriemedicaleparis5.fr\/wp-content\/uploads\/2018\/04\/inject-200x166.jpg 200w, https:\/\/imageriemedicaleparis5.fr\/wp-content\/uploads\/2018\/04\/inject.jpg 300w\" sizes=\"(max-width: 300px) 100vw, 300px\" \/><\/td>\n<\/tr>\n<tr>\n<td align=\"left\"><strong>L&rsquo;IRM comporte quelques contre-indications et n\u00e9cessite quelques pr\u00e9cautions.<\/strong><\/p>\n<p><strong>Avant l&rsquo;examen, il vous est remis un questionnaire que vous devez remplir avec soin.<\/strong><\/td>\n<td align=\"left\"><\/td>\n<\/tr>\n<\/tbody>\n<\/table>\n<\/div>\n\n<\/div><\/div><\/div><\/div><\/div><div class=\"fusion-clearfix\"><\/div><\/div><\/div><\/div><\/div>\n","protected":false},"excerpt":{"rendered":"","protected":false},"author":1,"featured_media":0,"parent":0,"menu_order":4,"comment_status":"closed","ping_status":"closed","template":"","meta":{"footnotes":""},"_links":{"self":[{"href":"https:\/\/imageriemedicaleparis5.fr\/index.php?rest_route=\/wp\/v2\/pages\/11"}],"collection":[{"href":"https:\/\/imageriemedicaleparis5.fr\/index.php?rest_route=\/wp\/v2\/pages"}],"about":[{"href":"https:\/\/imageriemedicaleparis5.fr\/index.php?rest_route=\/wp\/v2\/types\/page"}],"author":[{"embeddable":true,"href":"https:\/\/imageriemedicaleparis5.fr\/index.php?rest_route=\/wp\/v2\/users\/1"}],"replies":[{"embeddable":true,"href":"https:\/\/imageriemedicaleparis5.fr\/index.php?rest_route=%2Fwp%2Fv2%2Fcomments&post=11"}],"version-history":[{"count":43,"href":"https:\/\/imageriemedicaleparis5.fr\/index.php?rest_route=\/wp\/v2\/pages\/11\/revisions"}],"predecessor-version":[{"id":1441,"href":"https:\/\/imageriemedicaleparis5.fr\/index.php?rest_route=\/wp\/v2\/pages\/11\/revisions\/1441"}],"wp:attachment":[{"href":"https:\/\/imageriemedicaleparis5.fr\/index.php?rest_route=%2Fwp%2Fv2%2Fmedia&parent=11"}],"curies":[{"name":"wp","href":"https:\/\/api.w.org\/{rel}","templated":true}]}}